{"id":12056,"date":"2024-08-26T15:24:22","date_gmt":"2024-08-26T14:24:22","guid":{"rendered":"https:\/\/vxfiber.com\/?page_id=12056"},"modified":"2025-09-24T10:01:41","modified_gmt":"2025-09-24T09:01:41","slug":"impressum-vxfiber","status":"publish","type":"page","link":"https:\/\/vxfiber.com\/de\/impressum-vxfiber\/","title":{"rendered":"Impressum"},"content":{"rendered":"\t\t<div data-elementor-type=\"wp-page\" data-elementor-id=\"12056\" class=\"elementor elementor-12056\" data-elementor-settings=\"{&quot;ha_cmc_init_switcher&quot;:&quot;no&quot;}\" data-elementor-post-type=\"page\">\n\t\t\t\t\t\t<section class=\"elementor-section elementor-top-section elementor-element elementor-element-c795cf2 elementor-section-height-min-height elementor-section-items-bottom elementor-section-boxed elementor-section-height-default\" data-id=\"c795cf2\" data-element_type=\"section\" data-e-type=\"section\" data-settings=\"{&quot;background_background&quot;:&quot;classic&quot;,&quot;_ha_eqh_enable&quot;:false}\">\n\t\t\t\t\t\t\t<div class=\"elementor-background-overlay\"><\/div>\n\t\t\t\t\t\t\t<div class=\"elementor-container elementor-column-gap-default\">\n\t\t\t\t\t<div class=\"elementor-column elementor-col-100 elementor-top-column elementor-element elementor-element-59c28e14\" data-id=\"59c28e14\" data-element_type=\"column\" data-e-type=\"column\">\n\t\t\t<div class=\"elementor-widget-wrap elementor-element-populated\">\n\t\t\t\t\t\t<section class=\"elementor-section elementor-inner-section elementor-element elementor-element-79d0b98a elementor-section-content-middle elementor-section-boxed elementor-section-height-default elementor-section-height-default\" data-id=\"79d0b98a\" data-element_type=\"section\" data-e-type=\"section\" data-settings=\"{&quot;_ha_eqh_enable&quot;:false}\">\n\t\t\t\t\t\t<div class=\"elementor-container elementor-column-gap-default\">\n\t\t\t\t\t<div class=\"elementor-column elementor-col-50 elementor-inner-column elementor-element elementor-element-7238054d\" data-id=\"7238054d\" data-element_type=\"column\" data-e-type=\"column\">\n\t\t\t<div class=\"elementor-widget-wrap elementor-element-populated\">\n\t\t\t\t\t\t<div class=\"elementor-element elementor-element-619e58a5 elementor-widget__width-initial elementor-widget-tablet__width-initial elementor-widget-mobile_extra__width-initial elementor-widget-mobile__width-initial elementor-widget elementor-widget-heading\" data-id=\"619e58a5\" data-element_type=\"widget\" data-e-type=\"widget\" data-widget_type=\"heading.default\">\n\t\t\t\t<div class=\"elementor-widget-container\">\n\t\t\t\t\t<h1 class=\"elementor-heading-title elementor-size-default\">Impressum<\/h1>\t\t\t\t<\/div>\n\t\t\t\t<\/div>\n\t\t\t\t\t<\/div>\n\t\t<\/div>\n\t\t\t\t<div class=\"elementor-column elementor-col-50 elementor-inner-column elementor-element elementor-element-19627da3\" data-id=\"19627da3\" data-element_type=\"column\" data-e-type=\"column\">\n\t\t\t<div class=\"elementor-widget-wrap\">\n\t\t\t\t\t\t\t<\/div>\n\t\t<\/div>\n\t\t\t\t\t<\/div>\n\t\t<\/section>\n\t\t\t\t\t<\/div>\n\t\t<\/div>\n\t\t\t\t\t<\/div>\n\t\t<\/section>\n\t\t\t\t<section class=\"elementor-section elementor-top-section elementor-element elementor-element-f8d817a elementor-section-content-middle elementor-section-height-min-height elementor-section-boxed elementor-section-height-default elementor-section-items-middle\" data-id=\"f8d817a\" data-element_type=\"section\" data-e-type=\"section\" data-settings=\"{&quot;background_background&quot;:&quot;classic&quot;,&quot;_ha_eqh_enable&quot;:false}\">\n\t\t\t\t\t\t\t<div class=\"elementor-background-overlay\"><\/div>\n\t\t\t\t\t\t\t<div class=\"elementor-container elementor-column-gap-no\">\n\t\t\t\t\t<div class=\"elementor-column elementor-col-100 elementor-top-column elementor-element elementor-element-384ed347\" data-id=\"384ed347\" data-element_type=\"column\" data-e-type=\"column\">\n\t\t\t<div class=\"elementor-widget-wrap elementor-element-populated\">\n\t\t\t\t\t\t<section class=\"elementor-section elementor-inner-section elementor-element elementor-element-693abc54 elementor-section-boxed elementor-section-height-default elementor-section-height-default\" data-id=\"693abc54\" data-element_type=\"section\" data-e-type=\"section\" data-settings=\"{&quot;_ha_eqh_enable&quot;:false}\">\n\t\t\t\t\t\t<div class=\"elementor-container elementor-column-gap-default\">\n\t\t\t\t\t<div class=\"elementor-column elementor-col-100 elementor-inner-column elementor-element elementor-element-37b63e7d\" data-id=\"37b63e7d\" data-element_type=\"column\" data-e-type=\"column\">\n\t\t\t<div class=\"elementor-widget-wrap elementor-element-populated\">\n\t\t\t\t\t\t<div class=\"elementor-element elementor-element-1dfccf09 elementor-widget-mobile_extra__width-initial elementor-widget__width-initial elementor-widget elementor-widget-heading\" data-id=\"1dfccf09\" data-element_type=\"widget\" data-e-type=\"widget\" data-widget_type=\"heading.default\">\n\t\t\t\t<div class=\"elementor-widget-container\">\n\t\t\t\t\t<h2 class=\"elementor-heading-title elementor-size-default\">VX Fiber GmbH \u2013 Impressum<\/h2>\t\t\t\t<\/div>\n\t\t\t\t<\/div>\n\t\t\t\t<div class=\"elementor-element elementor-element-79252c5a elementor-widget__width-initial elementor-widget-laptop__width-initial elementor-widget-mobile__width-inherit elementor-widget elementor-widget-text-editor\" data-id=\"79252c5a\" data-element_type=\"widget\" data-e-type=\"widget\" data-widget_type=\"text-editor.default\">\n\t\t\t\t<div class=\"elementor-widget-container\">\n\t\t\t\t\t\t\t\t\t<p><strong>IMPRESSUM<\/strong><\/p><p><strong>Angaben nach \u00a7 5 Digitale-Dienste-Gesetz (DDG) zum f\u00fcr diesen Internetauftritt und seine Inhalte verantwortlichen Diensteanbieter:<\/strong><\/p><p>VXFIBER GmbH<br \/>Huyssenallee 52-56<br \/>45127 Essen<\/p><p><b>Kontakt:<br \/><\/b>Tel.: 0201-565 76 60<br \/>kontakt@vxfiber.de<\/p><p><b>Vertretungsberechtigte Personen:<br \/><\/b>Gesch\u00e4ftsf\u00fchrer Herren Stefan Block, Jens S\u00f6rensen und Cengiz Temur<\/p><p><b>Sitz:<br \/><\/b>Berlin<\/p><p><b>Registergericht:<br \/><\/b>Amtsgericht Charlottenburg \u2013 HRB 212632 B<\/p><p><b>Umsatzsteuer-ID:<br \/><\/b>DE330757045<\/p><p><b>Zust\u00e4ndige Aufsichtsbeh\u00f6rde:<br \/><\/b>Bundesnetzagentur f\u00fcr Elektrizit\u00e4t, Gas, Telekommunikation, Post und Eisenbahnen<br \/>Tulpenfeld 4<br \/>53113 Bonn<br \/>http:\/\/www.bundesnetzagentur.de<\/p><p><b>Verantwortlicher im Sinne von \u00a7 18 Abs. 2 MStV:<br \/><\/b>Herr Cengiz Temur<\/p><p><strong>Streitbeilegung<\/strong><\/p><p><u>Streitbeilegungsverfahren nach \u00a7 68 TKG:<\/u><\/p><p>Im Falle eines Streits mit der VXFIBER GmbH \u00fcber einen Sachverhalt der mit den in \u00a7 68 Abs. 1 Nr. 1-3 TKG genannten Regelungen zusammenh\u00e4ngt, k\u00f6nnen Sie als Endnutzer ein Schlichtungsverfahren nach \u00a7 68 TKG bei der Bundesnetzagentur beantragen. Zur Einleitung eines Schlichtungsverfahrens \u00fcber die in \u00a7 68 Abs.1 TKG genannten Sachverhalte k\u00f6nnen Sie einen Antrag an die Verbraucherschlichtungsstelle Telekommunikation der Bundesnetzagentur (www.bundesnetzagentur.de) richten. Deren Postadresse lautet wie folgt: Bundesnetzagentur f\u00fcr Elektrizit\u00e4t, Gas, Telekommunikation, Post- und Eisenbahnen, Tulpenfeld 4, 53113 Bonn.<\/p><p><u>Alternative Streitbeilegungsverfahren<\/u><\/p><p>Wir sind nicht verpflichtet oder bereit, an alternativen Streitbeilegungsverfahren vor einer allgemeinen Verbraucherschlichtungsstelle teilzunehmen.<\/p><p><strong>Haftung<\/strong><\/p><p><u>Haftung f\u00fcr Inhalte<br \/><\/u>Unsere Verantwortlichkeit f\u00fcr Inhalte ist nach Ma\u00dfgabe von \u00a7 7 Abs. 1 DDG und Artikel 4 bis 8 der Verordnung (EU) 2022\/2065\u00a0unter den dortigen Voraussetzungen beschr\u00e4nkt.<\/p><p><u>Haftung f\u00fcr Links<br \/><\/u>Unser Internetauftritt kann Links zu externen Webseiten Dritter enthalten, auf deren Inhalte wir keinen Einfluss haben. Deshalb k\u00f6nnen wir f\u00fcr diese fremden Inhalte auch keine Gew\u00e4hr oder Haftung \u00fcbernehmen. F\u00fcr die Inhalte der verlinkten Seiten ist stets der jeweilige Anbieter oder Betreiber der Seiten verantwortlich. Die verlinkten Seiten wurden zum Zeitpunkt der Verlinkung auf m\u00f6gliche Rechtsverst\u00f6\u00dfe \u00fcberpr\u00fcft. Rechtswidrige Inhalte waren zum Zeitpunkt der Verlinkung nicht erkennbar. Eine permanente inhaltliche Kontrolle der verlinkten Seiten ist jedoch ohne konkrete Anhaltspunkte einer Rechtsverletzung nicht zumutbar. Bei Bekanntwerden von Rechtsverletzungen werden wir derartige Links umgehend entfernen.<\/p><p><b>Urheberrecht<br \/><\/b>Die durch die Seitenbetreiber erstellten Inhalte und Werke auf diesen Seiten unterliegen dem deutschen Urheberrecht. Jede Vervielf\u00e4ltigung, Bearbeitung, Verbreitung und jede Art der Verwertung, die in das Urheberrecht eingreift, bedarf der vorherigen schriftlichen Zustimmung des jeweiligen Urhebers. Downloads und Kopien dieser Seite sind nur f\u00fcr den privaten, nicht kommerziellen Gebrauch gestattet. Soweit die Inhalte auf dieser Seite nicht vom Betreiber erstellt wurden, werden die Urheberrechte Dritter beachtet. Insbesondere werden Inhalte Dritter als solche gekennzeichnet. Sollten Sie trotzdem auf eine Urheberrechtsverletzung aufmerksam werden, bitten wir um einen entsprechenden Hinweis. Bei Bekanntwerden von Rechtsverletzungen werden wir derartige Inhalte umgehend entfern<\/p>\t\t\t\t\t\t\t\t<\/div>\n\t\t\t\t<\/div>\n\t\t\t\t\t<\/div>\n\t\t<\/div>\n\t\t\t\t\t<\/div>\n\t\t<\/section>\n\t\t\t\t\t<\/div>\n\t\t<\/div>\n\t\t\t\t\t<\/div>\n\t\t<\/section>\n\t\t\t\t<section class=\"elementor-section elementor-top-section elementor-element elementor-element-33a287e6 elementor-section-stretched elementor-section-boxed elementor-section-height-default elementor-section-height-default\" data-id=\"33a287e6\" data-element_type=\"section\" data-e-type=\"section\" data-settings=\"{&quot;stretch_section&quot;:&quot;section-stretched&quot;,&quot;background_background&quot;:&quot;classic&quot;,&quot;_ha_eqh_enable&quot;:false}\">\n\t\t\t\t\t\t<div class=\"elementor-container elementor-column-gap-default\">\n\t\t\t\t\t<div class=\"elementor-column elementor-col-100 elementor-top-column elementor-element elementor-element-11e826cd\" data-id=\"11e826cd\" data-element_type=\"column\" data-e-type=\"column\">\n\t\t\t<div class=\"elementor-widget-wrap elementor-element-populated\">\n\t\t\t\t\t\t<section class=\"elementor-section elementor-inner-section elementor-element elementor-element-603dbb78 elementor-section-full_width elementor-section-height-default elementor-section-height-default\" data-id=\"603dbb78\" data-element_type=\"section\" data-e-type=\"section\" data-settings=\"{&quot;_ha_eqh_enable&quot;:false}\">\n\t\t\t\t\t\t<div class=\"elementor-container elementor-column-gap-default\">\n\t\t\t\t\t<div class=\"elementor-column elementor-col-100 elementor-inner-column elementor-element elementor-element-624f53cb\" data-id=\"624f53cb\" data-element_type=\"column\" data-e-type=\"column\">\n\t\t\t<div class=\"elementor-widget-wrap elementor-element-populated\">\n\t\t\t\t\t\t<div class=\"elementor-element elementor-element-780bb721 elementor-widget elementor-widget-heading\" data-id=\"780bb721\" data-element_type=\"widget\" data-e-type=\"widget\" data-widget_type=\"heading.default\">\n\t\t\t\t<div class=\"elementor-widget-container\">\n\t\t\t\t\t<h2 class=\"elementor-heading-title elementor-size-default\">Reden Sie mit uns<\/h2>\t\t\t\t<\/div>\n\t\t\t\t<\/div>\n\t\t\t\t<div class=\"elementor-element elementor-element-116f05c1 elementor-widget elementor-widget-text-editor\" data-id=\"116f05c1\" data-element_type=\"widget\" data-e-type=\"widget\" data-widget_type=\"text-editor.default\">\n\t\t\t\t<div class=\"elementor-widget-container\">\n\t\t\t\t\t\t\t\t\t<p>M\u00f6chten Sie mehr dar\u00fcber erfahren, wie wir Ihnen bei der Realisierung eines 1GB-Glasfasernetzes behilflich sein k\u00f6nnen? Wir erz\u00e4hlen Ihnen gerne mehr!<\/p>\t\t\t\t\t\t\t\t<\/div>\n\t\t\t\t<\/div>\n\t\t\t\t<div class=\"elementor-element elementor-element-40bf9456 elementor-widget elementor-widget-button\" data-id=\"40bf9456\" data-element_type=\"widget\" data-e-type=\"widget\" data-widget_type=\"button.default\">\n\t\t\t\t<div class=\"elementor-widget-container\">\n\t\t\t\t\t\t\t\t\t<div class=\"elementor-button-wrapper\">\n\t\t\t\t\t<a class=\"elementor-button elementor-button-link elementor-size-lg\" href=\"https:\/\/vxfiber.com\/de\/kontakt\/\">\n\t\t\t\t\t\t<span class=\"elementor-button-content-wrapper\">\n\t\t\t\t\t\t\t\t\t<span class=\"elementor-button-text\">Kontakt<\/span>\n\t\t\t\t\t<\/span>\n\t\t\t\t\t<\/a>\n\t\t\t\t<\/div>\n\t\t\t\t\t\t\t\t<\/div>\n\t\t\t\t<\/div>\n\t\t\t\t\t<\/div>\n\t\t<\/div>\n\t\t\t\t\t<\/div>\n\t\t<\/section>\n\t\t\t\t\t<\/div>\n\t\t<\/div>\n\t\t\t\t\t<\/div>\n\t\t<\/section>\n\t\t\t\t<\/div>\n\t\t","protected":false},"excerpt":{"rendered":"<p>Impressum VX Fiber GmbH \u2013 Impressum IMPRESSUM Angaben nach \u00a7 5 Digitale-Dienste-Gesetz (DDG) zum f\u00fcr diesen Internetauftritt und seine Inhalte verantwortlichen Diensteanbieter: VXFIBER GmbHHuyssenallee 52-5645127 Essen Kontakt:Tel.: 0201-565 76 60kontakt@vxfiber.de Vertretungsberechtigte Personen:Gesch\u00e4ftsf\u00fchrer Herren Stefan Block, Jens S\u00f6rensen und Cengiz Temur Sitz:Berlin Registergericht:Amtsgericht Charlottenburg \u2013 HRB 212632 B Umsatzsteuer-ID:DE330757045 Zust\u00e4ndige Aufsichtsbeh\u00f6rde:Bundesnetzagentur f\u00fcr Elektrizit\u00e4t, Gas, Telekommunikation, Post [&hellip;]<\/p>\n","protected":false},"author":1,"featured_media":0,"parent":0,"menu_order":0,"comment_status":"closed","ping_status":"closed","template":"","meta":{"content-type":"","site-sidebar-layout":"no-sidebar","site-content-layout":"page-builder","ast-site-content-layout":"full-width-container","site-content-style":"default","site-sidebar-style":"default","ast-global-header-display":"","ast-banner-title-visibility":"","ast-main-header-display":"","ast-hfb-above-header-display":"","ast-hfb-below-header-display":"","ast-hfb-mobile-header-display":"","site-post-title":"disabled","ast-breadcrumbs-content":"","ast-featured-img":"disabled","footer-sml-layout":"","ast-disable-related-posts":"","theme-transparent-header-meta":"","adv-header-id-meta":"","stick-header-meta":"","header-above-stick-meta":"","header-main-stick-meta":"","header-below-stick-meta":"","astra-migrate-meta-layouts":"default","ast-page-background-enabled":"default","ast-page-background-meta":{"desktop":{"background-color":"var(--ast-global-color-4)","background-image":"","background-repeat":"repeat","background-position":"center center","background-size":"auto","background-attachment":"scroll","background-type":"","background-media":"","overlay-type":"","overlay-color":"","overlay-opacity":"","overlay-gradient":""},"tablet":{"background-color":"","background-image":"","background-repeat":"repeat","background-position":"center center","background-size":"auto","background-attachment":"scroll","background-type":"","background-media":"","overlay-type":"","overlay-color":"","overlay-opacity":"","overlay-gradient":""},"mobile":{"background-color":"","background-image":"","background-repeat":"repeat","background-position":"center center","background-size":"auto","background-attachment":"scroll","background-type":"","background-media":"","overlay-type":"","overlay-color":"","overlay-opacity":"","overlay-gradient":""}},"ast-content-background-meta":{"desktop":{"background-color":"var(--ast-global-color-5)","background-image":"","background-repeat":"repeat","background-position":"center center","background-size":"auto","background-attachment":"scroll","background-type":"","background-media":"","overlay-type":"","overlay-color":"","overlay-opacity":"","overlay-gradient":""},"tablet":{"background-color":"var(--ast-global-color-5)","background-image":"","background-repeat":"repeat","background-position":"center center","background-size":"auto","background-attachment":"scroll","background-type":"","background-media":"","overlay-type":"","overlay-color":"","overlay-opacity":"","overlay-gradient":""},"mobile":{"background-color":"var(--ast-global-color-5)","background-image":"","background-repeat":"repeat","background-position":"center center","background-size":"auto","background-attachment":"scroll","background-type":"","background-media":"","overlay-type":"","overlay-color":"","overlay-opacity":"","overlay-gradient":""}},"footnotes":""},"class_list":["post-12056","page","type-page","status-publish","hentry"],"yoast_head":"<!-- This site is optimized with the Yoast SEO plugin v27.4 - https:\/\/yoast.com\/product\/yoast-seo-wordpress\/ -->\n<title>Impressum - VX Fiber<\/title>\n<meta name=\"robots\" content=\"index, follow, max-snippet:-1, max-image-preview:large, max-video-preview:-1\" \/>\n<link rel=\"canonical\" href=\"https:\/\/vxfiber.com\/de\/impressum-vxfiber\/\" \/>\n<meta property=\"og:locale\" content=\"de_DE\" \/>\n<meta property=\"og:type\" content=\"article\" \/>\n<meta property=\"og:title\" content=\"Impressum - VX Fiber\" \/>\n<meta property=\"og:description\" content=\"Impressum VX Fiber GmbH \u2013 Impressum IMPRESSUM Angaben nach \u00a7 5 Digitale-Dienste-Gesetz (DDG) zum f\u00fcr diesen Internetauftritt und seine Inhalte verantwortlichen Diensteanbieter: VXFIBER GmbHHuyssenallee 52-5645127 Essen Kontakt:Tel.: 0201-565 76 60kontakt@vxfiber.de Vertretungsberechtigte Personen:Gesch\u00e4ftsf\u00fchrer Herren Stefan Block, Jens S\u00f6rensen und Cengiz Temur Sitz:Berlin Registergericht:Amtsgericht Charlottenburg \u2013 HRB 212632 B Umsatzsteuer-ID:DE330757045 Zust\u00e4ndige Aufsichtsbeh\u00f6rde:Bundesnetzagentur f\u00fcr Elektrizit\u00e4t, Gas, Telekommunikation, Post [&hellip;]\" \/>\n<meta property=\"og:url\" content=\"https:\/\/vxfiber.com\/de\/impressum-vxfiber\/\" \/>\n<meta property=\"og:site_name\" content=\"VX Fiber\" \/>\n<meta property=\"article:modified_time\" content=\"2025-09-24T09:01:41+00:00\" \/>\n<meta name=\"twitter:card\" content=\"summary_large_image\" \/>\n<meta name=\"twitter:label1\" content=\"Gesch\u00e4tzte Lesezeit\" \/>\n\t<meta name=\"twitter:data1\" content=\"3\u00a0Minuten\" \/>\n<script type=\"application\/ld+json\" class=\"yoast-schema-graph\">{\"@context\":\"https:\\\/\\\/schema.org\",\"@graph\":[{\"@type\":\"WebPage\",\"@id\":\"https:\\\/\\\/vxfiber.com\\\/de\\\/impressum-vxfiber\\\/\",\"url\":\"https:\\\/\\\/vxfiber.com\\\/de\\\/impressum-vxfiber\\\/\",\"name\":\"Impressum - VX Fiber\",\"isPartOf\":{\"@id\":\"https:\\\/\\\/vxfiber.com\\\/#website\"},\"datePublished\":\"2024-08-26T14:24:22+00:00\",\"dateModified\":\"2025-09-24T09:01:41+00:00\",\"inLanguage\":\"de\",\"potentialAction\":[{\"@type\":\"ReadAction\",\"target\":[\"https:\\\/\\\/vxfiber.com\\\/de\\\/impressum-vxfiber\\\/\"]}]},{\"@type\":\"WebSite\",\"@id\":\"https:\\\/\\\/vxfiber.com\\\/#website\",\"url\":\"https:\\\/\\\/vxfiber.com\\\/\",\"name\":\"VX Fiber\",\"description\":\"\",\"publisher\":{\"@id\":\"https:\\\/\\\/vxfiber.com\\\/#organization\"},\"potentialAction\":[{\"@type\":\"SearchAction\",\"target\":{\"@type\":\"EntryPoint\",\"urlTemplate\":\"https:\\\/\\\/vxfiber.com\\\/?s={search_term_string}\"},\"query-input\":{\"@type\":\"PropertyValueSpecification\",\"valueRequired\":true,\"valueName\":\"search_term_string\"}}],\"inLanguage\":\"de\"},{\"@type\":\"Organization\",\"@id\":\"https:\\\/\\\/vxfiber.com\\\/#organization\",\"name\":\"VX Fiber\",\"url\":\"https:\\\/\\\/vxfiber.com\\\/\",\"logo\":{\"@type\":\"ImageObject\",\"inLanguage\":\"de\",\"@id\":\"https:\\\/\\\/vxfiber.com\\\/#\\\/schema\\\/logo\\\/image\\\/\",\"url\":\"https:\\\/\\\/vxfiber.com\\\/wp-content\\\/uploads\\\/2020\\\/04\\\/vxfiber_logotype_rgb_white.svg\",\"contentUrl\":\"https:\\\/\\\/vxfiber.com\\\/wp-content\\\/uploads\\\/2020\\\/04\\\/vxfiber_logotype_rgb_white.svg\",\"width\":5440,\"height\":747,\"caption\":\"VX Fiber\"},\"image\":{\"@id\":\"https:\\\/\\\/vxfiber.com\\\/#\\\/schema\\\/logo\\\/image\\\/\"},\"sameAs\":[\"https:\\\/\\\/www.linkedin.com\\\/company\\\/vxfiber\\\/\"]}]}<\/script>\n<!-- \/ Yoast SEO plugin. -->","yoast_head_json":{"title":"Impressum - VX Fiber","robots":{"index":"index","follow":"follow","max-snippet":"max-snippet:-1","max-image-preview":"max-image-preview:large","max-video-preview":"max-video-preview:-1"},"canonical":"https:\/\/vxfiber.com\/de\/impressum-vxfiber\/","og_locale":"de_DE","og_type":"article","og_title":"Impressum - VX Fiber","og_description":"Impressum VX Fiber GmbH \u2013 Impressum IMPRESSUM Angaben nach \u00a7 5 Digitale-Dienste-Gesetz (DDG) zum f\u00fcr diesen Internetauftritt und seine Inhalte verantwortlichen Diensteanbieter: VXFIBER GmbHHuyssenallee 52-5645127 Essen Kontakt:Tel.: 0201-565 76 60kontakt@vxfiber.de Vertretungsberechtigte Personen:Gesch\u00e4ftsf\u00fchrer Herren Stefan Block, Jens S\u00f6rensen und Cengiz Temur Sitz:Berlin Registergericht:Amtsgericht Charlottenburg \u2013 HRB 212632 B Umsatzsteuer-ID:DE330757045 Zust\u00e4ndige Aufsichtsbeh\u00f6rde:Bundesnetzagentur f\u00fcr Elektrizit\u00e4t, Gas, Telekommunikation, Post [&hellip;]","og_url":"https:\/\/vxfiber.com\/de\/impressum-vxfiber\/","og_site_name":"VX Fiber","article_modified_time":"2025-09-24T09:01:41+00:00","twitter_card":"summary_large_image","twitter_misc":{"Gesch\u00e4tzte Lesezeit":"3\u00a0Minuten"},"schema":{"@context":"https:\/\/schema.org","@graph":[{"@type":"WebPage","@id":"https:\/\/vxfiber.com\/de\/impressum-vxfiber\/","url":"https:\/\/vxfiber.com\/de\/impressum-vxfiber\/","name":"Impressum - VX Fiber","isPartOf":{"@id":"https:\/\/vxfiber.com\/#website"},"datePublished":"2024-08-26T14:24:22+00:00","dateModified":"2025-09-24T09:01:41+00:00","inLanguage":"de","potentialAction":[{"@type":"ReadAction","target":["https:\/\/vxfiber.com\/de\/impressum-vxfiber\/"]}]},{"@type":"WebSite","@id":"https:\/\/vxfiber.com\/#website","url":"https:\/\/vxfiber.com\/","name":"VX Fiber","description":"","publisher":{"@id":"https:\/\/vxfiber.com\/#organization"},"potentialAction":[{"@type":"SearchAction","target":{"@type":"EntryPoint","urlTemplate":"https:\/\/vxfiber.com\/?s={search_term_string}"},"query-input":{"@type":"PropertyValueSpecification","valueRequired":true,"valueName":"search_term_string"}}],"inLanguage":"de"},{"@type":"Organization","@id":"https:\/\/vxfiber.com\/#organization","name":"VX Fiber","url":"https:\/\/vxfiber.com\/","logo":{"@type":"ImageObject","inLanguage":"de","@id":"https:\/\/vxfiber.com\/#\/schema\/logo\/image\/","url":"https:\/\/vxfiber.com\/wp-content\/uploads\/2020\/04\/vxfiber_logotype_rgb_white.svg","contentUrl":"https:\/\/vxfiber.com\/wp-content\/uploads\/2020\/04\/vxfiber_logotype_rgb_white.svg","width":5440,"height":747,"caption":"VX Fiber"},"image":{"@id":"https:\/\/vxfiber.com\/#\/schema\/logo\/image\/"},"sameAs":["https:\/\/www.linkedin.com\/company\/vxfiber\/"]}]}},"_links":{"self":[{"href":"https:\/\/vxfiber.com\/de\/wp-json\/wp\/v2\/pages\/12056","targetHints":{"allow":["GET"]}}],"collection":[{"href":"https:\/\/vxfiber.com\/de\/wp-json\/wp\/v2\/pages"}],"about":[{"href":"https:\/\/vxfiber.com\/de\/wp-json\/wp\/v2\/types\/page"}],"author":[{"embeddable":true,"href":"https:\/\/vxfiber.com\/de\/wp-json\/wp\/v2\/users\/1"}],"replies":[{"embeddable":true,"href":"https:\/\/vxfiber.com\/de\/wp-json\/wp\/v2\/comments?post=12056"}],"version-history":[{"count":28,"href":"https:\/\/vxfiber.com\/de\/wp-json\/wp\/v2\/pages\/12056\/revisions"}],"predecessor-version":[{"id":20762,"href":"https:\/\/vxfiber.com\/de\/wp-json\/wp\/v2\/pages\/12056\/revisions\/20762"}],"wp:attachment":[{"href":"https:\/\/vxfiber.com\/de\/wp-json\/wp\/v2\/media?parent=12056"}],"curies":[{"name":"wp","href":"https:\/\/api.w.org\/{rel}","templated":true}]}}