{"id":15192,"date":"2025-01-31T13:49:52","date_gmt":"2025-01-31T13:49:52","guid":{"rendered":"https:\/\/vxfiber.com\/?page_id=15192"},"modified":"2025-09-25T12:55:25","modified_gmt":"2025-09-25T11:55:25","slug":"impressum","status":"publish","type":"page","link":"https:\/\/vxfiber.com\/at\/impressum\/","title":{"rendered":"Impressum"},"content":{"rendered":"\t\t<div data-elementor-type=\"wp-page\" data-elementor-id=\"15192\" class=\"elementor elementor-15192 elementor-12056\" data-elementor-settings=\"{&quot;ha_cmc_init_switcher&quot;:&quot;no&quot;}\" data-elementor-post-type=\"page\">\n\t\t\t\t\t\t<section class=\"elementor-section elementor-top-section elementor-element elementor-element-607eda64 elementor-section-height-min-height elementor-section-items-bottom elementor-section-boxed elementor-section-height-default\" data-id=\"607eda64\" data-element_type=\"section\" data-e-type=\"section\" data-settings=\"{&quot;background_background&quot;:&quot;classic&quot;,&quot;_ha_eqh_enable&quot;:false}\">\n\t\t\t\t\t\t\t<div class=\"elementor-background-overlay\"><\/div>\n\t\t\t\t\t\t\t<div class=\"elementor-container elementor-column-gap-default\">\n\t\t\t\t\t<div class=\"elementor-column elementor-col-100 elementor-top-column elementor-element elementor-element-1535f1ca\" data-id=\"1535f1ca\" data-element_type=\"column\" data-e-type=\"column\">\n\t\t\t<div class=\"elementor-widget-wrap elementor-element-populated\">\n\t\t\t\t\t\t<section class=\"elementor-section elementor-inner-section elementor-element elementor-element-f9ddde7 elementor-section-content-middle elementor-section-boxed elementor-section-height-default elementor-section-height-default\" data-id=\"f9ddde7\" data-element_type=\"section\" data-e-type=\"section\" data-settings=\"{&quot;_ha_eqh_enable&quot;:false}\">\n\t\t\t\t\t\t<div class=\"elementor-container elementor-column-gap-default\">\n\t\t\t\t\t<div class=\"elementor-column elementor-col-50 elementor-inner-column elementor-element elementor-element-1f2605aa\" data-id=\"1f2605aa\" data-element_type=\"column\" data-e-type=\"column\">\n\t\t\t<div class=\"elementor-widget-wrap elementor-element-populated\">\n\t\t\t\t\t\t<div class=\"elementor-element elementor-element-66b5281b elementor-widget__width-initial elementor-widget-tablet__width-initial elementor-widget-mobile_extra__width-initial elementor-widget-mobile__width-initial elementor-widget elementor-widget-heading\" data-id=\"66b5281b\" data-element_type=\"widget\" data-e-type=\"widget\" data-widget_type=\"heading.default\">\n\t\t\t\t<div class=\"elementor-widget-container\">\n\t\t\t\t\t<h1 class=\"elementor-heading-title elementor-size-default\">Impressum<\/h1>\t\t\t\t<\/div>\n\t\t\t\t<\/div>\n\t\t\t\t\t<\/div>\n\t\t<\/div>\n\t\t\t\t<div class=\"elementor-column elementor-col-50 elementor-inner-column elementor-element elementor-element-20b2f19a\" data-id=\"20b2f19a\" data-element_type=\"column\" data-e-type=\"column\">\n\t\t\t<div class=\"elementor-widget-wrap\">\n\t\t\t\t\t\t\t<\/div>\n\t\t<\/div>\n\t\t\t\t\t<\/div>\n\t\t<\/section>\n\t\t\t\t\t<\/div>\n\t\t<\/div>\n\t\t\t\t\t<\/div>\n\t\t<\/section>\n\t\t\t\t<section class=\"elementor-section elementor-top-section elementor-element elementor-element-a8047bd elementor-section-content-middle elementor-section-height-min-height elementor-section-boxed elementor-section-height-default elementor-section-items-middle\" data-id=\"a8047bd\" data-element_type=\"section\" data-e-type=\"section\" data-settings=\"{&quot;background_background&quot;:&quot;classic&quot;,&quot;_ha_eqh_enable&quot;:false}\">\n\t\t\t\t\t\t\t<div class=\"elementor-background-overlay\"><\/div>\n\t\t\t\t\t\t\t<div class=\"elementor-container elementor-column-gap-no\">\n\t\t\t\t\t<div class=\"elementor-column elementor-col-100 elementor-top-column elementor-element elementor-element-4fb395c4\" data-id=\"4fb395c4\" data-element_type=\"column\" data-e-type=\"column\">\n\t\t\t<div class=\"elementor-widget-wrap elementor-element-populated\">\n\t\t\t\t\t\t<section class=\"elementor-section elementor-inner-section elementor-element elementor-element-554ba562 elementor-section-boxed elementor-section-height-default elementor-section-height-default\" data-id=\"554ba562\" data-element_type=\"section\" data-e-type=\"section\" data-settings=\"{&quot;_ha_eqh_enable&quot;:false}\">\n\t\t\t\t\t\t<div class=\"elementor-container elementor-column-gap-default\">\n\t\t\t\t\t<div class=\"elementor-column elementor-col-100 elementor-inner-column elementor-element elementor-element-7dc883ab\" data-id=\"7dc883ab\" data-element_type=\"column\" data-e-type=\"column\">\n\t\t\t<div class=\"elementor-widget-wrap elementor-element-populated\">\n\t\t\t\t\t\t<div class=\"elementor-element elementor-element-55321ae8 elementor-widget-mobile_extra__width-initial elementor-widget__width-initial elementor-widget elementor-widget-heading\" data-id=\"55321ae8\" data-element_type=\"widget\" data-e-type=\"widget\" data-widget_type=\"heading.default\">\n\t\t\t\t<div class=\"elementor-widget-container\">\n\t\t\t\t\t<h2 class=\"elementor-heading-title elementor-size-default\">VX Fiber GmbH \u2013 Impressum<\/h2>\t\t\t\t<\/div>\n\t\t\t\t<\/div>\n\t\t\t\t<div class=\"elementor-element elementor-element-74ef46c2 elementor-widget__width-initial elementor-widget-laptop__width-initial elementor-widget-mobile__width-inherit elementor-widget elementor-widget-text-editor\" data-id=\"74ef46c2\" data-element_type=\"widget\" data-e-type=\"widget\" data-widget_type=\"text-editor.default\">\n\t\t\t\t<div class=\"elementor-widget-container\">\n\t\t\t\t\t\t\t\t\t<p><strong>Impressum<\/strong><\/p><p>GlasfaserDirekt sind Services von VX Fiber GmbH<\/p><p>\u00a9 VNEXT AB. Alle Rechte vorbehalten<\/p><p>Offenlegung und Information gem. \u00a7 5 ECG, \u00a7 14 UBG<\/p><p>LandConnect, LilaConnect, OPIK und GlasfaserDirekt sind Services von VX Fiber GmbH<\/p><p><strong>MEDIENINHABER:<\/strong><br \/><em>VX Fiber GmbH, Praterstra\u00dfe 1\/Space 16, 1020 Wien<\/em><\/p><p>Vertretung durch die Gesch\u00e4ftsf\u00fchrung:\u00a0<em> Cengiz Temur, Stefan Block und Andreas Diamant<\/em><\/p><p>Telefonnummer:\u00a0<em>0676 32 000 32<\/em><br \/>Firmenbuchgericht:\u00a0<em>Handelsgericht Wien<\/em><br \/>Firmenbuchnummer:\u00a0<em>FN 545712 v<\/em><br \/>Sitz der Gesellschaft:\u00a0<em>Wien<\/em><br \/>Steuernummer:\u00a0<em>04 572\/0646<\/em><\/p><p><strong>Haftungsausschluss<\/strong><br \/>F\u00fcr s\u00e4mtliche Links, die von unserer Homepage auf andere Inhalte des Internets f\u00fchren, schlie\u00dfen wir jede Haftung ausdr\u00fccklich aus. Wir \u00fcbernehmen keine Verantwortung f\u00fcr die Inhalte aller Domains anderer Anbieter, die von dieser Homepage erreichbar sind.<\/p><p><strong>Disclaimer<\/strong><br \/>For all links that lead from our websites to other internet content, all liability is expressly disclaimed. we take no responsibility for the content of any domain accessible via hyperlinks from our website to websites of other providers and in no way, we adopt them as our own.<\/p><p>In the course of our work, we found many sources on the internet and quoted them on our pages and link to the originating site. In case the authors of these sources should not be in agreement with the way of publication, please notify us and we will immediately transform the corresponding pages as desired.<\/p>\t\t\t\t\t\t\t\t<\/div>\n\t\t\t\t<\/div>\n\t\t\t\t\t<\/div>\n\t\t<\/div>\n\t\t\t\t\t<\/div>\n\t\t<\/section>\n\t\t\t\t\t<\/div>\n\t\t<\/div>\n\t\t\t\t\t<\/div>\n\t\t<\/section>\n\t\t\t\t<section class=\"elementor-section elementor-top-section elementor-element elementor-element-5709a976 elementor-section-stretched elementor-section-boxed elementor-section-height-default elementor-section-height-default\" data-id=\"5709a976\" data-element_type=\"section\" data-e-type=\"section\" data-settings=\"{&quot;stretch_section&quot;:&quot;section-stretched&quot;,&quot;background_background&quot;:&quot;classic&quot;,&quot;_ha_eqh_enable&quot;:false}\">\n\t\t\t\t\t\t<div class=\"elementor-container elementor-column-gap-default\">\n\t\t\t\t\t<div class=\"elementor-column elementor-col-100 elementor-top-column elementor-element elementor-element-5af2431d\" data-id=\"5af2431d\" data-element_type=\"column\" data-e-type=\"column\">\n\t\t\t<div class=\"elementor-widget-wrap elementor-element-populated\">\n\t\t\t\t\t\t<section class=\"elementor-section elementor-inner-section elementor-element elementor-element-5d1f676 elementor-section-full_width elementor-section-height-default elementor-section-height-default\" data-id=\"5d1f676\" data-element_type=\"section\" data-e-type=\"section\" data-settings=\"{&quot;_ha_eqh_enable&quot;:false}\">\n\t\t\t\t\t\t<div class=\"elementor-container elementor-column-gap-default\">\n\t\t\t\t\t<div class=\"elementor-column elementor-col-100 elementor-inner-column elementor-element elementor-element-41ed09a7\" data-id=\"41ed09a7\" data-element_type=\"column\" data-e-type=\"column\">\n\t\t\t<div class=\"elementor-widget-wrap elementor-element-populated\">\n\t\t\t\t\t\t<div class=\"elementor-element elementor-element-32d3589e elementor-widget elementor-widget-heading\" data-id=\"32d3589e\" data-element_type=\"widget\" data-e-type=\"widget\" data-widget_type=\"heading.default\">\n\t\t\t\t<div class=\"elementor-widget-container\">\n\t\t\t\t\t<h2 class=\"elementor-heading-title elementor-size-default\">Reden Sie mit uns<\/h2>\t\t\t\t<\/div>\n\t\t\t\t<\/div>\n\t\t\t\t<div class=\"elementor-element elementor-element-209edcdd elementor-widget elementor-widget-text-editor\" data-id=\"209edcdd\" data-element_type=\"widget\" data-e-type=\"widget\" data-widget_type=\"text-editor.default\">\n\t\t\t\t<div class=\"elementor-widget-container\">\n\t\t\t\t\t\t\t\t\t<p>M\u00f6chten Sie mehr dar\u00fcber erfahren, wie wir Ihnen bei der Realisierung eines 1GB-Glasfasernetzes behilflich sein k\u00f6nnen? Wir erz\u00e4hlen Ihnen gerne mehr!<\/p>\t\t\t\t\t\t\t\t<\/div>\n\t\t\t\t<\/div>\n\t\t\t\t<div class=\"elementor-element elementor-element-7207c5ef elementor-widget elementor-widget-button\" data-id=\"7207c5ef\" data-element_type=\"widget\" data-e-type=\"widget\" data-widget_type=\"button.default\">\n\t\t\t\t<div class=\"elementor-widget-container\">\n\t\t\t\t\t\t\t\t\t<div class=\"elementor-button-wrapper\">\n\t\t\t\t\t<a class=\"elementor-button elementor-button-link elementor-size-lg\" href=\"https:\/\/vxfiber.com\/de\/kontakt\/\">\n\t\t\t\t\t\t<span class=\"elementor-button-content-wrapper\">\n\t\t\t\t\t\t\t\t\t<span class=\"elementor-button-text\">Kontakt<\/span>\n\t\t\t\t\t<\/span>\n\t\t\t\t\t<\/a>\n\t\t\t\t<\/div>\n\t\t\t\t\t\t\t\t<\/div>\n\t\t\t\t<\/div>\n\t\t\t\t\t<\/div>\n\t\t<\/div>\n\t\t\t\t\t<\/div>\n\t\t<\/section>\n\t\t\t\t\t<\/div>\n\t\t<\/div>\n\t\t\t\t\t<\/div>\n\t\t<\/section>\n\t\t\t\t<\/div>\n\t\t","protected":false},"excerpt":{"rendered":"<p>Impressum VX Fiber GmbH \u2013 Impressum Impressum GlasfaserDirekt sind Services von VX Fiber GmbH \u00a9 VNEXT AB. Alle Rechte vorbehalten Offenlegung und Information gem. \u00a7 5 ECG, \u00a7 14 UBG LandConnect, LilaConnect, OPIK und GlasfaserDirekt sind Services von VX Fiber GmbH MEDIENINHABER:VX Fiber GmbH, Praterstra\u00dfe 1\/Space 16, 1020 Wien Vertretung durch die Gesch\u00e4ftsf\u00fchrung:\u00a0 Cengiz Temur, [&hellip;]<\/p>\n","protected":false},"author":1,"featured_media":0,"parent":0,"menu_order":0,"comment_status":"closed","ping_status":"closed","template":"","meta":{"content-type":"","site-sidebar-layout":"no-sidebar","site-content-layout":"page-builder","ast-site-content-layout":"full-width-container","site-content-style":"default","site-sidebar-style":"default","ast-global-header-display":"","ast-banner-title-visibility":"","ast-main-header-display":"","ast-hfb-above-header-display":"","ast-hfb-below-header-display":"","ast-hfb-mobile-header-display":"","site-post-title":"disabled","ast-breadcrumbs-content":"","ast-featured-img":"disabled","footer-sml-layout":"","ast-disable-related-posts":"","theme-transparent-header-meta":"","adv-header-id-meta":"","stick-header-meta":"","header-above-stick-meta":"","header-main-stick-meta":"","header-below-stick-meta":"","astra-migrate-meta-layouts":"set","ast-page-background-enabled":"default","ast-page-background-meta":{"desktop":{"background-color":"var(--ast-global-color-4)","background-image":"","background-repeat":"repeat","background-position":"center center","background-size":"auto","background-attachment":"scroll","background-type":"","background-media":"","overlay-type":"","overlay-color":"","overlay-opacity":"","overlay-gradient":""},"tablet":{"background-color":"","background-image":"","background-repeat":"repeat","background-position":"center center","background-size":"auto","background-attachment":"scroll","background-type":"","background-media":"","overlay-type":"","overlay-color":"","overlay-opacity":"","overlay-gradient":""},"mobile":{"background-color":"","background-image":"","background-repeat":"repeat","background-position":"center center","background-size":"auto","background-attachment":"scroll","background-type":"","background-media":"","overlay-type":"","overlay-color":"","overlay-opacity":"","overlay-gradient":""}},"ast-content-background-meta":{"desktop":{"background-color":"var(--ast-global-color-5)","background-image":"","background-repeat":"repeat","background-position":"center center","background-size":"auto","background-attachment":"scroll","background-type":"","background-media":"","overlay-type":"","overlay-color":"","overlay-opacity":"","overlay-gradient":""},"tablet":{"background-color":"var(--ast-global-color-5)","background-image":"","background-repeat":"repeat","background-position":"center center","background-size":"auto","background-attachment":"scroll","background-type":"","background-media":"","overlay-type":"","overlay-color":"","overlay-opacity":"","overlay-gradient":""},"mobile":{"background-color":"var(--ast-global-color-5)","background-image":"","background-repeat":"repeat","background-position":"center center","background-size":"auto","background-attachment":"scroll","background-type":"","background-media":"","overlay-type":"","overlay-color":"","overlay-opacity":"","overlay-gradient":""}},"footnotes":""},"class_list":["post-15192","page","type-page","status-publish","hentry"],"yoast_head":"<!-- This site is optimized with the Yoast SEO plugin v27.4 - https:\/\/yoast.com\/product\/yoast-seo-wordpress\/ -->\n<title>Impressum - VX Fiber<\/title>\n<meta name=\"robots\" content=\"index, follow, max-snippet:-1, max-image-preview:large, max-video-preview:-1\" \/>\n<link rel=\"canonical\" href=\"https:\/\/vxfiber.com\/de\/impressum-vxfiber\/\" \/>\n<meta property=\"og:locale\" content=\"de_DE\" \/>\n<meta property=\"og:type\" content=\"article\" \/>\n<meta property=\"og:title\" content=\"Impressum - VX Fiber\" \/>\n<meta property=\"og:description\" content=\"Impressum VX Fiber GmbH \u2013 Impressum Impressum GlasfaserDirekt sind Services von VX Fiber GmbH \u00a9 VNEXT AB. Alle Rechte vorbehalten Offenlegung und Information gem. \u00a7 5 ECG, \u00a7 14 UBG LandConnect, LilaConnect, OPIK und GlasfaserDirekt sind Services von VX Fiber GmbH MEDIENINHABER:VX Fiber GmbH, Praterstra\u00dfe 1\/Space 16, 1020 Wien Vertretung durch die Gesch\u00e4ftsf\u00fchrung:\u00a0 Cengiz Temur, [&hellip;]\" \/>\n<meta property=\"og:url\" content=\"https:\/\/vxfiber.com\/de\/impressum-vxfiber\/\" \/>\n<meta property=\"og:site_name\" content=\"VX Fiber\" \/>\n<meta property=\"article:modified_time\" content=\"2025-09-25T11:55:25+00:00\" \/>\n<meta name=\"twitter:card\" content=\"summary_large_image\" \/>\n<meta name=\"twitter:label1\" content=\"Gesch\u00e4tzte Lesezeit\" \/>\n\t<meta name=\"twitter:data1\" content=\"2 Minuten\" \/>\n<script type=\"application\/ld+json\" class=\"yoast-schema-graph\">{\"@context\":\"https:\\\/\\\/schema.org\",\"@graph\":[{\"@type\":\"WebPage\",\"@id\":\"https:\\\/\\\/vxfiber.com\\\/de\\\/impressum-vxfiber\\\/\",\"url\":\"https:\\\/\\\/vxfiber.com\\\/de\\\/impressum-vxfiber\\\/\",\"name\":\"Impressum - VX Fiber\",\"isPartOf\":{\"@id\":\"https:\\\/\\\/vxfiber.com\\\/#website\"},\"datePublished\":\"2025-01-31T13:49:52+00:00\",\"dateModified\":\"2025-09-25T11:55:25+00:00\",\"inLanguage\":\"de-AT\",\"potentialAction\":[{\"@type\":\"ReadAction\",\"target\":[\"https:\\\/\\\/vxfiber.com\\\/de\\\/impressum-vxfiber\\\/\"]}]},{\"@type\":\"WebSite\",\"@id\":\"https:\\\/\\\/vxfiber.com\\\/#website\",\"url\":\"https:\\\/\\\/vxfiber.com\\\/\",\"name\":\"VX Fiber\",\"description\":\"\",\"publisher\":{\"@id\":\"https:\\\/\\\/vxfiber.com\\\/#organization\"},\"potentialAction\":[{\"@type\":\"SearchAction\",\"target\":{\"@type\":\"EntryPoint\",\"urlTemplate\":\"https:\\\/\\\/vxfiber.com\\\/?s={search_term_string}\"},\"query-input\":{\"@type\":\"PropertyValueSpecification\",\"valueRequired\":true,\"valueName\":\"search_term_string\"}}],\"inLanguage\":\"de-AT\"},{\"@type\":\"Organization\",\"@id\":\"https:\\\/\\\/vxfiber.com\\\/#organization\",\"name\":\"VX Fiber\",\"url\":\"https:\\\/\\\/vxfiber.com\\\/\",\"logo\":{\"@type\":\"ImageObject\",\"inLanguage\":\"de-AT\",\"@id\":\"https:\\\/\\\/vxfiber.com\\\/#\\\/schema\\\/logo\\\/image\\\/\",\"url\":\"https:\\\/\\\/vxfiber.com\\\/wp-content\\\/uploads\\\/2020\\\/04\\\/vxfiber_logotype_rgb_white.svg\",\"contentUrl\":\"https:\\\/\\\/vxfiber.com\\\/wp-content\\\/uploads\\\/2020\\\/04\\\/vxfiber_logotype_rgb_white.svg\",\"width\":5440,\"height\":747,\"caption\":\"VX Fiber\"},\"image\":{\"@id\":\"https:\\\/\\\/vxfiber.com\\\/#\\\/schema\\\/logo\\\/image\\\/\"},\"sameAs\":[\"https:\\\/\\\/www.linkedin.com\\\/company\\\/vxfiber\\\/\"]}]}<\/script>\n<!-- \/ Yoast SEO plugin. -->","yoast_head_json":{"title":"Impressum - VX Fiber","robots":{"index":"index","follow":"follow","max-snippet":"max-snippet:-1","max-image-preview":"max-image-preview:large","max-video-preview":"max-video-preview:-1"},"canonical":"https:\/\/vxfiber.com\/de\/impressum-vxfiber\/","og_locale":"de_DE","og_type":"article","og_title":"Impressum - VX Fiber","og_description":"Impressum VX Fiber GmbH \u2013 Impressum Impressum GlasfaserDirekt sind Services von VX Fiber GmbH \u00a9 VNEXT AB. Alle Rechte vorbehalten Offenlegung und Information gem. \u00a7 5 ECG, \u00a7 14 UBG LandConnect, LilaConnect, OPIK und GlasfaserDirekt sind Services von VX Fiber GmbH MEDIENINHABER:VX Fiber GmbH, Praterstra\u00dfe 1\/Space 16, 1020 Wien Vertretung durch die Gesch\u00e4ftsf\u00fchrung:\u00a0 Cengiz Temur, [&hellip;]","og_url":"https:\/\/vxfiber.com\/de\/impressum-vxfiber\/","og_site_name":"VX Fiber","article_modified_time":"2025-09-25T11:55:25+00:00","twitter_card":"summary_large_image","twitter_misc":{"Gesch\u00e4tzte Lesezeit":"2 Minuten"},"schema":{"@context":"https:\/\/schema.org","@graph":[{"@type":"WebPage","@id":"https:\/\/vxfiber.com\/de\/impressum-vxfiber\/","url":"https:\/\/vxfiber.com\/de\/impressum-vxfiber\/","name":"Impressum - VX Fiber","isPartOf":{"@id":"https:\/\/vxfiber.com\/#website"},"datePublished":"2025-01-31T13:49:52+00:00","dateModified":"2025-09-25T11:55:25+00:00","inLanguage":"de-AT","potentialAction":[{"@type":"ReadAction","target":["https:\/\/vxfiber.com\/de\/impressum-vxfiber\/"]}]},{"@type":"WebSite","@id":"https:\/\/vxfiber.com\/#website","url":"https:\/\/vxfiber.com\/","name":"VX Fiber","description":"","publisher":{"@id":"https:\/\/vxfiber.com\/#organization"},"potentialAction":[{"@type":"SearchAction","target":{"@type":"EntryPoint","urlTemplate":"https:\/\/vxfiber.com\/?s={search_term_string}"},"query-input":{"@type":"PropertyValueSpecification","valueRequired":true,"valueName":"search_term_string"}}],"inLanguage":"de-AT"},{"@type":"Organization","@id":"https:\/\/vxfiber.com\/#organization","name":"VX Fiber","url":"https:\/\/vxfiber.com\/","logo":{"@type":"ImageObject","inLanguage":"de-AT","@id":"https:\/\/vxfiber.com\/#\/schema\/logo\/image\/","url":"https:\/\/vxfiber.com\/wp-content\/uploads\/2020\/04\/vxfiber_logotype_rgb_white.svg","contentUrl":"https:\/\/vxfiber.com\/wp-content\/uploads\/2020\/04\/vxfiber_logotype_rgb_white.svg","width":5440,"height":747,"caption":"VX Fiber"},"image":{"@id":"https:\/\/vxfiber.com\/#\/schema\/logo\/image\/"},"sameAs":["https:\/\/www.linkedin.com\/company\/vxfiber\/"]}]}},"_links":{"self":[{"href":"https:\/\/vxfiber.com\/at\/wp-json\/wp\/v2\/pages\/15192","targetHints":{"allow":["GET"]}}],"collection":[{"href":"https:\/\/vxfiber.com\/at\/wp-json\/wp\/v2\/pages"}],"about":[{"href":"https:\/\/vxfiber.com\/at\/wp-json\/wp\/v2\/types\/page"}],"author":[{"embeddable":true,"href":"https:\/\/vxfiber.com\/at\/wp-json\/wp\/v2\/users\/1"}],"replies":[{"embeddable":true,"href":"https:\/\/vxfiber.com\/at\/wp-json\/wp\/v2\/comments?post=15192"}],"version-history":[{"count":19,"href":"https:\/\/vxfiber.com\/at\/wp-json\/wp\/v2\/pages\/15192\/revisions"}],"predecessor-version":[{"id":21113,"href":"https:\/\/vxfiber.com\/at\/wp-json\/wp\/v2\/pages\/15192\/revisions\/21113"}],"wp:attachment":[{"href":"https:\/\/vxfiber.com\/at\/wp-json\/wp\/v2\/media?parent=15192"}],"curies":[{"name":"wp","href":"https:\/\/api.w.org\/{rel}","templated":true}]}}